{"id":122,"date":"2025-11-16T18:36:23","date_gmt":"2025-11-16T18:36:23","guid":{"rendered":"https:\/\/gaurapearls.fi\/?page_id=122"},"modified":"2025-11-16T18:41:43","modified_gmt":"2025-11-16T18:41:43","slug":"gaura-pearls-aitojen-helmikorujen-brandi","status":"publish","type":"page","link":"https:\/\/gaurapearls.fi\/","title":{"rendered":"Gaura Pearls &#8211; Aitojen helmikorujen br\u00e4ndi"},"content":{"rendered":"\n<p>Gaura Pearls on eurooppalainen tuotemerkki ja rekister\u00f6ity tavaramerkki, joka valmistaa ja myy helmi\u00adkoruja B2B-myyntiin. Gaura Pearls tarjoaa laajan valikoiman kaulakoruja, rannekoruja, korvakoruja, sormuksia, riipuksia sek\u00e4 rintaneuloja.<\/p>\n\n\n\n<figure class=\"wp-block-image size-large is-resized\"><img loading=\"lazy\" decoding=\"async\" width=\"819\" height=\"1024\" src=\"https:\/\/gaurapearls.fi\/wp-content\/uploads\/2025\/11\/gaura4-819x1024.jpg\" alt=\"\" class=\"wp-image-112\" style=\"width:1178px;height:auto\" srcset=\"https:\/\/gaurapearls.fi\/wp-content\/uploads\/2025\/11\/gaura4-819x1024.jpg 819w, https:\/\/gaurapearls.fi\/wp-content\/uploads\/2025\/11\/gaura4-240x300.jpg 240w, https:\/\/gaurapearls.fi\/wp-content\/uploads\/2025\/11\/gaura4-768x960.jpg 768w, https:\/\/gaurapearls.fi\/wp-content\/uploads\/2025\/11\/gaura4.jpg 1080w\" sizes=\"auto, (max-width: 819px) 100vw, 819px\" \/><\/figure>\n\n\n\n<p>Eurooppalainen br\u00e4ndi<\/p>\n\n\n\n<ul class=\"wp-block-list\">\n<li>Rekister\u00f6ity tavaramerkki<\/li>\n\n\n\n<li>Helmikorujen valmistaja ja tukkumyyj\u00e4<\/li>\n\n\n\n<li>Paras hinta-laatusuhde Euroopan markkinoilla<\/li>\n\n\n\n<li>Varastossa tuhansia tuotteita, valmiina toimitukseen<\/li>\n\n\n\n<li>Nopea tilausk\u00e4sittely ja toimitus<\/li>\n<\/ul>\n\n\n\n<figure class=\"wp-block-image size-large is-resized\"><img loading=\"lazy\" decoding=\"async\" width=\"819\" height=\"1024\" src=\"https:\/\/gaurapearls.fi\/wp-content\/uploads\/2025\/11\/gaura1-819x1024.jpg\" alt=\"\" class=\"wp-image-110\" style=\"width:1178px;height:auto\" srcset=\"https:\/\/gaurapearls.fi\/wp-content\/uploads\/2025\/11\/gaura1-819x1024.jpg 819w, https:\/\/gaurapearls.fi\/wp-content\/uploads\/2025\/11\/gaura1-240x300.jpg 240w, https:\/\/gaurapearls.fi\/wp-content\/uploads\/2025\/11\/gaura1-768x960.jpg 768w, https:\/\/gaurapearls.fi\/wp-content\/uploads\/2025\/11\/gaura1.jpg 1080w\" sizes=\"auto, (max-width: 819px) 100vw, 819px\" \/><\/figure>\n\n\n\n<div class=\"wp-block-media-text is-stacked-on-mobile\"><figure class=\"wp-block-media-text__media\"><img loading=\"lazy\" decoding=\"async\" width=\"820\" height=\"1024\" src=\"https:\/\/gaurapearls.fi\/wp-content\/uploads\/2025\/11\/gaura5-820x1024.jpg\" alt=\"Uusi kokoelma Talvi 2026 \u2022 Pehmeit\u00e4 muotoja, aitoja helmi\u00e4 ja hillitty\u00e4 eleganssia \u2022 Suunniteltu nykyaikaiselle j\u00e4lleenmyyj\u00e4lle, joka etsii ajattomia koruja\" class=\"wp-image-113 size-full\" srcset=\"https:\/\/gaurapearls.fi\/wp-content\/uploads\/2025\/11\/gaura5-820x1024.jpg 820w, https:\/\/gaurapearls.fi\/wp-content\/uploads\/2025\/11\/gaura5-240x300.jpg 240w, https:\/\/gaurapearls.fi\/wp-content\/uploads\/2025\/11\/gaura5-768x959.jpg 768w, https:\/\/gaurapearls.fi\/wp-content\/uploads\/2025\/11\/gaura5.jpg 1080w\" sizes=\"auto, (max-width: 820px) 100vw, 820px\" \/><\/figure><div class=\"wp-block-media-text__content\">\n<p>Talvi 2026 kokoelma julkaistu.<\/p>\n\n\n\n<p>Pehmeit\u00e4 muotoja, aitoja helmi\u00e4 ja hillitty\u00e4 eleganssia.<\/p>\n<\/div><\/div>\n\n\n\n<p>Esimerkkej\u00e4 tuotteista<\/p>\n\n\n\n<ul class=\"wp-block-list\">\n<li>Keshi-helmet yhdistettyn\u00e4 kullattuun hopeaan \u2013 orgaaninen ja veistoksellinen muotoilu<\/li>\n\n\n\n<li>Sormukset ja rannekorut kerrostamiseen ja yhdistelemiseen<\/li>\n\n\n\n<li>Taiteellinen rintaneula: helmi vangittuna kauniiseen py\u00f6rteeseen<\/li>\n\n\n\n<li>Kaulakoru &amp; rannekoru -setti: ajaton muotoilu, koristeltu zirkoneilla ja sirolla pisaradetaljilla<\/li>\n\n\n\n<li>Minimalistinen hopeariipus: makeanveden helmi sitruunamaisella twistill\u00e4<\/li>\n\n\n\n<li>Kullatut hopeakorut: klassinen mutta moderni kaulakoru ja rannekoru<\/li>\n\n\n\n<li>Helmikorvakorut: pehme\u00e4t mutta rohkeat muodot, suunniteltu hurmaamaan<\/li>\n<\/ul>\n\n\n\n<div class=\"wp-block-media-text is-stacked-on-mobile\"><figure class=\"wp-block-media-text__media\"><img loading=\"lazy\" decoding=\"async\" width=\"818\" height=\"1024\" src=\"https:\/\/gaurapearls.fi\/wp-content\/uploads\/2025\/11\/gaura-818x1024.jpg\" alt=\"\" class=\"wp-image-109 size-full\" srcset=\"https:\/\/gaurapearls.fi\/wp-content\/uploads\/2025\/11\/gaura-818x1024.jpg 818w, https:\/\/gaurapearls.fi\/wp-content\/uploads\/2025\/11\/gaura-240x300.jpg 240w, https:\/\/gaurapearls.fi\/wp-content\/uploads\/2025\/11\/gaura-768x961.jpg 768w, https:\/\/gaurapearls.fi\/wp-content\/uploads\/2025\/11\/gaura.jpg 1080w\" sizes=\"auto, (max-width: 818px) 100vw, 818px\" \/><\/figure><div class=\"wp-block-media-text__content\">\n<p>Gaura Pearls tarjoaa laajan valikoiman laadukkaita helmikoruja.<\/p>\n<\/div><\/div>\n\n\n\n<p><\/p>\n\n\n\n<p>Tuo ajattoman eleganssin helmi\u00e4 asiakkaillesi!<br><\/p>\n\n\n\n<p>Liity arvostettuun Gaura Pearlsin j\u00e4lleenmyyj\u00e4verkostoon ja tarjoa laadukkaita helmikoruja, jotka hurmaavat jokaisessa tilanteessa.<br>\ud83e\udd1d Ota yhteytt\u00e4 viralliseen maahantuojaan Corea Oy ja varmista paikkasi menestyvien j\u00e4lleenmyyjien joukossa.<\/p>\n\n\n\n<p>email: info@gaurapearls.fi<\/p>\n\n\n\n<p>puh: 050 349 5566<\/p>\n\n\n\n<div class=\"wp-block-media-text is-stacked-on-mobile\"><figure class=\"wp-block-media-text__media\"><img loading=\"lazy\" decoding=\"async\" width=\"819\" height=\"1024\" src=\"https:\/\/gaurapearls.fi\/wp-content\/uploads\/2025\/11\/gaura3-819x1024.jpg\" alt=\"\" class=\"wp-image-111 size-full\" srcset=\"https:\/\/gaurapearls.fi\/wp-content\/uploads\/2025\/11\/gaura3-819x1024.jpg 819w, https:\/\/gaurapearls.fi\/wp-content\/uploads\/2025\/11\/gaura3-240x300.jpg 240w, https:\/\/gaurapearls.fi\/wp-content\/uploads\/2025\/11\/gaura3-768x960.jpg 768w, https:\/\/gaurapearls.fi\/wp-content\/uploads\/2025\/11\/gaura3.jpg 1080w\" sizes=\"auto, (max-width: 819px) 100vw, 819px\" \/><\/figure><div class=\"wp-block-media-text__content\">\n<p><\/p>\n<\/div><\/div>\n","protected":false},"excerpt":{"rendered":"<p>Gaura Pearls on eurooppalainen tuotemerkki ja rekister\u00f6ity tavaramerkki, joka valmistaa ja myy helmi\u00adkoruja B2B-myyntiin. Gaura Pearls tarjoaa laajan valikoiman kaulakoruja, rannekoruja, korvakoruja, sormuksia, riipuksia sek\u00e4 rintaneuloja. Eurooppalainen br\u00e4ndi Talvi 2026 kokoelma julkaistu. Pehmeit\u00e4 muotoja, aitoja helmi\u00e4 ja hillitty\u00e4 eleganssia. Esimerkkej\u00e4 tuotteista Gaura Pearls tarjoaa laajan valikoiman laadukkaita helmikoruja. Tuo ajattoman eleganssin helmi\u00e4 asiakkaillesi! Liity arvostettuun&#8230;<\/p>\n","protected":false},"author":1,"featured_media":0,"parent":0,"menu_order":0,"comment_status":"closed","ping_status":"closed","template":"","meta":{"_kadence_starter_templates_imported_post":false,"_kad_post_transparent":"","_kad_post_title":"","_kad_post_layout":"","_kad_post_sidebar_id":"","_kad_post_content_style":"","_kad_post_vertical_padding":"","_kad_post_feature":"","_kad_post_feature_position":"","_kad_post_header":false,"_kad_post_footer":false,"_kad_post_classname":"","footnotes":""},"class_list":["post-122","page","type-page","status-publish","hentry"],"_links":{"self":[{"href":"https:\/\/gaurapearls.fi\/index.php?rest_route=\/wp\/v2\/pages\/122","targetHints":{"allow":["GET"]}}],"collection":[{"href":"https:\/\/gaurapearls.fi\/index.php?rest_route=\/wp\/v2\/pages"}],"about":[{"href":"https:\/\/gaurapearls.fi\/index.php?rest_route=\/wp\/v2\/types\/page"}],"author":[{"embeddable":true,"href":"https:\/\/gaurapearls.fi\/index.php?rest_route=\/wp\/v2\/users\/1"}],"replies":[{"embeddable":true,"href":"https:\/\/gaurapearls.fi\/index.php?rest_route=%2Fwp%2Fv2%2Fcomments&post=122"}],"version-history":[{"count":2,"href":"https:\/\/gaurapearls.fi\/index.php?rest_route=\/wp\/v2\/pages\/122\/revisions"}],"predecessor-version":[{"id":127,"href":"https:\/\/gaurapearls.fi\/index.php?rest_route=\/wp\/v2\/pages\/122\/revisions\/127"}],"wp:attachment":[{"href":"https:\/\/gaurapearls.fi\/index.php?rest_route=%2Fwp%2Fv2%2Fmedia&parent=122"}],"curies":[{"name":"wp","href":"https:\/\/api.w.org\/{rel}","templated":true}]}}